{"id":20422,"date":"2026-03-12T16:58:37","date_gmt":"2026-03-12T15:58:37","guid":{"rendered":"https:\/\/stocco.it\/?post_type=product&#038;p=20422"},"modified":"2026-03-12T17:03:01","modified_gmt":"2026-03-12T16:03:01","slug":"stripe-la","status":"publish","type":"product","link":"https:\/\/stocco.it\/fr\/prodotto\/stripe-la\/","title":{"rendered":"Stripe LA"},"content":{"rendered":"","protected":false},"excerpt":{"rendered":"<p>Miroir avec lampe LED int\u00e9gr\u00e9e, cadre aluminium<\/p>\n<p>Version avec syst\u00e8me antibu\u00e9e int\u00e9gr\u00e9 derri\u00e8re le miroir et<br \/>\ninterrupteur \u00e0 infrarouge mont\u00e9 sur le cadre du miroir<\/p>\n<p><a class=\"cta_products\" href=\"\/wp-content\/uploads\/2022\/05\/Stripe-L_specchio-luminoso_fr.pdf\">Fiche technique<\/a><\/p>\n","protected":false},"featured_media":20354,"template":"","meta":{"inline_featured_image":false,"site-sidebar-layout":"default","site-content-layout":"default","ast-site-content-layout":"default","site-content-style":"default","site-sidebar-style":"default","ast-global-header-display":"","ast-banner-title-visibility":"","ast-main-header-display":"","ast-hfb-above-header-display":"","ast-hfb-below-header-display":"","ast-hfb-mobile-header-display":"","site-post-title":"","ast-breadcrumbs-content":"","ast-featured-img":"","footer-sml-layout":"","ast-disable-related-posts":"","theme-transparent-header-meta":"default","adv-header-id-meta":"","stick-header-meta":"","header-above-stick-meta":"","header-main-stick-meta":"","header-below-stick-meta":"","astra-migrate-meta-layouts":"set","ast-page-background-enabled":"default","ast-page-background-meta":{"desktop":{"background-color":"var(--ast-global-color-4)","background-image":"","background-repeat":"repeat","background-position":"center center","background-size":"auto","background-attachment":"scroll","background-type":"","background-media":"","overlay-type":"","overlay-color":"","overlay-opacity":"","overlay-gradient":""},"tablet":{"background-color":"","background-image":"","background-repeat":"repeat","background-position":"center center","background-size":"auto","background-attachment":"scroll","background-type":"","background-media":"","overlay-type":"","overlay-color":"","overlay-opacity":"","overlay-gradient":""},"mobile":{"background-color":"","background-image":"","background-repeat":"repeat","background-position":"center center","background-size":"auto","background-attachment":"scroll","background-type":"","background-media":"","overlay-type":"","overlay-color":"","overlay-opacity":"","overlay-gradient":""}},"ast-content-background-meta":{"desktop":{"background-color":"var(--ast-global-color-5)","background-image":"","background-repeat":"repeat","background-position":"center center","background-size":"auto","background-attachment":"scroll","background-type":"","background-media":"","overlay-type":"","overlay-color":"","overlay-opacity":"","overlay-gradient":""},"tablet":{"background-color":"var(--ast-global-color-5)","background-image":"","background-repeat":"repeat","background-position":"center center","background-size":"auto","background-attachment":"scroll","background-type":"","background-media":"","overlay-type":"","overlay-color":"","overlay-opacity":"","overlay-gradient":""},"mobile":{"background-color":"var(--ast-global-color-5)","background-image":"","background-repeat":"repeat","background-position":"center center","background-size":"auto","background-attachment":"scroll","background-type":"","background-media":"","overlay-type":"","overlay-color":"","overlay-opacity":"","overlay-gradient":""}}},"product_brand":[],"product_cat":[191,180],"product_tag":[],"class_list":{"0":"post-20422","1":"product","2":"type-product","3":"status-publish","4":"has-post-thumbnail","6":"product_cat-miroirs-et-lampes","7":"product_cat-miroirs-lumineux","8":"desktop-align-left","9":"tablet-align-left","10":"mobile-align-left","12":"first","13":"instock","14":"shipping-taxable","15":"product-type-simple"},"_links":{"self":[{"href":"https:\/\/stocco.it\/fr\/wp-json\/wp\/v2\/product\/20422","targetHints":{"allow":["GET"]}}],"collection":[{"href":"https:\/\/stocco.it\/fr\/wp-json\/wp\/v2\/product"}],"about":[{"href":"https:\/\/stocco.it\/fr\/wp-json\/wp\/v2\/types\/product"}],"wp:featuredmedia":[{"embeddable":true,"href":"https:\/\/stocco.it\/fr\/wp-json\/wp\/v2\/media\/20354"}],"wp:attachment":[{"href":"https:\/\/stocco.it\/fr\/wp-json\/wp\/v2\/media?parent=20422"}],"wp:term":[{"taxonomy":"product_brand","embeddable":true,"href":"https:\/\/stocco.it\/fr\/wp-json\/wp\/v2\/product_brand?post=20422"},{"taxonomy":"product_cat","embeddable":true,"href":"https:\/\/stocco.it\/fr\/wp-json\/wp\/v2\/product_cat?post=20422"},{"taxonomy":"product_tag","embeddable":true,"href":"https:\/\/stocco.it\/fr\/wp-json\/wp\/v2\/product_tag?post=20422"}],"curies":[{"name":"wp","href":"https:\/\/api.w.org\/{rel}","templated":true}]}}